{"id":13,"date":"2022-05-04T12:47:06","date_gmt":"2022-05-04T12:47:06","guid":{"rendered":"https:\/\/perjesixmuller-wedding.hu\/?page_id=13"},"modified":"2022-05-30T11:58:09","modified_gmt":"2022-05-30T11:58:09","slug":"rsvp-visszajelzes","status":"publish","type":"page","link":"https:\/\/perjesixmuller-wedding.hu\/?page_id=13","title":{"rendered":""},"content":{"rendered":"\n<h1 class=\"has-text-align-center has-text-color wp-block-heading\" style=\"color:#ba6f44;font-style:normal;font-weight:300\">VISSZAJELZ\u00c9S<\/h1>\n\n\n\n<p class=\"has-text-align-center\" style=\"font-size:5px\">______________________________________________________<\/p>\n\n\n\n<div style=\"height:40px\" aria-hidden=\"true\" class=\"wp-block-spacer\"><\/div>\n\n\n\n<p style=\"font-style:normal;font-weight:300\">K\u00e9rj\u00fck t\u00f6ltsd ki az al\u00e1bbi \u0171rlapot, hogy tudjuk, biztosan vel\u00fcnk egy\u00fctt tudtok-e \u00fcnnepelni a Nagy Napon. Az aj\u00e1nd\u00e9kkal kapcsolatban ne t\u00f6rt a fejed, egy bor\u00edt\u00e9kban elrejtheted.<\/p>\n\n\n\n<p style=\"font-style:normal;font-weight:300\"><em>Please RSVP to our invite if you can join our big day. Regarding the wedding present we are saving up for our&nbsp;honeymoon&nbsp;and future travels so we would be happy with some contributions to those.&nbsp;<\/em><\/p>\n\n\n\n<div style=\"height:40px\" aria-hidden=\"true\" class=\"wp-block-spacer\"><\/div>\n\n\n\n<div class=\"forminator-guttenberg\"><div class=\"forminator-ui forminator-custom-form forminator-custom-form-150 forminator-design--flat  forminator_ajax\" data-forminator-render=\"0\" data-form=\"forminator-module-150\" data-uid=\"69f49b89bb6e5\"><br\/><\/div><form\n\t\t\t\tid=\"forminator-module-150\"\n\t\t\t\tclass=\"forminator-ui forminator-custom-form forminator-custom-form-150 forminator-design--flat  forminator_ajax\"\n\t\t\t\tmethod=\"post\"\n\t\t\t\tdata-forminator-render=\"0\"\n\t\t\t\tdata-form-id=\"150\"\n\t\t\t\t\n\t\t\t\tdata-design=\"flat\"\n\t\t\t\t\n\t\t\t\t\n\t\t\t\t\n\t\t\t\tdata-grid=\"open\"\n\t\t\t\t\n\t\t\t\t\n\t\t\t\tstyle=\"display: none;\"\n\t\t\t\t\n\t\t\t\tdata-uid=\"69f49b89bb6e5\"\n\t\t\t><div class=\"forminator-response-message forminator-error\" aria-hidden=\"true\"><\/div><div class=\"forminator-row\"><div id=\"name-1\" class=\"forminator-col forminator-col-12 \"><div class=\"forminator-field\"><label for=\"forminator-field-name-1\" class=\"forminator-label\">N\u00c9V (NAME) <span class=\"forminator-required\">*<\/span><\/label><input type=\"text\" name=\"name-1\" value=\"\" placeholder=\"\" id=\"forminator-field-name-1\" class=\"forminator-input forminator-name--field\" aria-required=\"true\" \/><\/div><\/div><\/div><div class=\"forminator-row\"><div id=\"email-1\" class=\"forminator-col forminator-col-12 \"><div class=\"forminator-field\"><label for=\"forminator-field-email-1\" class=\"forminator-label\">E-MAIL C\u00cdM (E-MAIL) <span class=\"forminator-required\">*<\/span><\/label><input type=\"email\" name=\"email-1\" value=\"\" placeholder=\"\" id=\"forminator-field-email-1\" class=\"forminator-input forminator-email--field\" data-required=\"1\" aria-required=\"true\" \/><\/div><\/div><\/div><div class=\"forminator-row\"><div id=\"phone-1\" class=\"forminator-col forminator-col-12 \"><div class=\"forminator-field\"><label for=\"forminator-field-phone-1\" class=\"forminator-label\">TELEFONSZ\u00c1M (PHONE)<\/label><input type=\"text\" name=\"phone-1\" value=\"\" placeholder=\"\" id=\"forminator-field-phone-1\" class=\"forminator-input forminator-field--phone\" data-required=\"\" aria-required=\"false\" autocomplete=\"off\" \/><\/div><\/div><\/div><div class=\"forminator-row\"><div id=\"select-1\" class=\"forminator-col forminator-col-12 \"><div class=\"forminator-field\"><label for=\"forminator-form-150__field--select-1_69f49b89bb6e5-label\" class=\"forminator-label\">VISSZAJELZ\u00c9S (RSVP) <span class=\"forminator-required\">*<\/span><\/label><select id=\"forminator-form-150__field--select-1_69f49b89bb6e5\" class=\"forminator-select--field forminator-select2\" data-required=\"1\" name=\"select-1\" data-default-value=\"\" data-placeholder=\"R\u00e9szv\u00e9teli sz\u00e1nd\u00e9k (Intent to participate)\" data-search=\"false\"><option value=\"\">R\u00e9szv\u00e9teli sz\u00e1nd\u00e9k (Intent to participate)<\/option><option value=\"R\u00e9szt-veszek-(I-will-be-there)\"  data-calculation=\"0\">R\u00e9szt veszek (I will be there)<\/option><option value=\"Nem-tudok-r\u00e9szt-venni-(Sorry,-I-can-not-participate)\"  data-calculation=\"0\">Nem tudok r\u00e9szt venni (Sorry, I can not participate)<\/option><\/select><\/div><\/div><\/div><div class=\"forminator-row\"><div id=\"name-2\" class=\"forminator-col forminator-col-12 \"><div class=\"forminator-field\"><label for=\"forminator-field-name-2\" class=\"forminator-label\">\u00c9TELALLERGIA (FOOD ALLERGY)<\/label><input type=\"text\" name=\"name-2\" value=\"\" placeholder=\"\" id=\"forminator-field-name-2\" class=\"forminator-input forminator-name--field\" aria-required=\"false\" \/><\/div><\/div><\/div><div class=\"forminator-row\"><div id=\"textarea-1\" class=\"forminator-col forminator-col-12 \"><div class=\"forminator-field\"><label for=\"forminator-field-textarea-1\" class=\"forminator-label\">EGY\u00c9B K\u00c9RD\u00c9S (OTHER QUESTION)<\/label><textarea name=\"textarea-1\" placeholder=\"\" id=\"forminator-field-textarea-1\" class=\"forminator-textarea\" rows=\"6\" style=\"min-height:140px;\" ><\/textarea><\/div><\/div><\/div><input type=\"hidden\" name=\"referer_url\" value=\"\" \/><div class=\"forminator-row forminator-row-last\"><div class=\"forminator-col\"><div class=\"forminator-field\"><button class=\"forminator-button forminator-button-submit\">Elk&uuml;ld<\/button><\/div><\/div><\/div><input type=\"hidden\" id=\"forminator_nonce\" name=\"forminator_nonce\" value=\"9aaaa09eec\" \/><input type=\"hidden\" name=\"_wp_http_referer\" value=\"\/index.php?rest_route=%2Fwp%2Fv2%2Fpages%2F13\" \/><input type=\"hidden\" name=\"form_id\" value=\"150\"><input type=\"hidden\" name=\"page_id\" value=\"13\"><input type=\"hidden\" name=\"form_type\" value=\"default\"><input type=\"hidden\" name=\"current_url\" value=\"https:\/\/perjesixmuller-wedding.hu\/?page_id=13\"><input type=\"hidden\" name=\"render_id\" value=\"0\"><input type=\"hidden\" name=\"action\" value=\"forminator_submit_form_custom-forms\"><\/form><\/div>\n","protected":false},"excerpt":{"rendered":"<p>VISSZAJELZ\u00c9S ______________________________________________________ K\u00e9rj\u00fck t\u00f6ltsd ki az al\u00e1bbi \u0171rlapot, hogy tudjuk, biztosan vel\u00fcnk egy\u00fctt tudtok-e \u00fcnnepelni a Nagy Napon. Az aj\u00e1nd\u00e9kkal kapcsolatban ne t\u00f6rt a fejed, &hellip; <\/p>\n","protected":false},"author":1,"featured_media":0,"parent":0,"menu_order":0,"comment_status":"closed","ping_status":"closed","template":"","meta":{"footnotes":""},"class_list":["post-13","page","type-page","status-publish","hentry","latest_post"],"_links":{"self":[{"href":"https:\/\/perjesixmuller-wedding.hu\/index.php?rest_route=\/wp\/v2\/pages\/13","targetHints":{"allow":["GET"]}}],"collection":[{"href":"https:\/\/perjesixmuller-wedding.hu\/index.php?rest_route=\/wp\/v2\/pages"}],"about":[{"href":"https:\/\/perjesixmuller-wedding.hu\/index.php?rest_route=\/wp\/v2\/types\/page"}],"author":[{"embeddable":true,"href":"https:\/\/perjesixmuller-wedding.hu\/index.php?rest_route=\/wp\/v2\/users\/1"}],"replies":[{"embeddable":true,"href":"https:\/\/perjesixmuller-wedding.hu\/index.php?rest_route=%2Fwp%2Fv2%2Fcomments&post=13"}],"version-history":[{"count":11,"href":"https:\/\/perjesixmuller-wedding.hu\/index.php?rest_route=\/wp\/v2\/pages\/13\/revisions"}],"predecessor-version":[{"id":431,"href":"https:\/\/perjesixmuller-wedding.hu\/index.php?rest_route=\/wp\/v2\/pages\/13\/revisions\/431"}],"wp:attachment":[{"href":"https:\/\/perjesixmuller-wedding.hu\/index.php?rest_route=%2Fwp%2Fv2%2Fmedia&parent=13"}],"curies":[{"name":"wp","href":"https:\/\/api.w.org\/{rel}","templated":true}]}}