{"id":12,"date":"2022-05-04T12:47:06","date_gmt":"2022-05-04T12:47:06","guid":{"rendered":"https:\/\/perjesixmuller-wedding.hu\/?page_id=12"},"modified":"2022-08-18T12:39:46","modified_gmt":"2022-08-18T12:39:46","slug":"menetrend","status":"publish","type":"page","link":"https:\/\/perjesixmuller-wedding.hu\/?page_id=12","title":{"rendered":""},"content":{"rendered":"\n<h1 class=\"has-text-align-center has-text-color wp-block-heading\" style=\"color:#ba6f44;font-style:normal;font-weight:300\">MENETREND<\/h1>\n\n\n\n<p class=\"has-text-align-center\" style=\"font-size:5px\">______________________________________________________<\/p>\n\n\n\n<div style=\"height:29px\" aria-hidden=\"true\" class=\"wp-block-spacer\"><\/div>\n\n\n\n<figure class=\"wp-block-image size-large\"><img loading=\"lazy\" decoding=\"async\" width=\"836\" height=\"1024\" src=\"https:\/\/perjesixmuller-wedding.hu\/wp-content\/uploads\/2022\/08\/Timeline-148-\u00d7-200-mm-2-836x1024.png\" alt=\"\" class=\"wp-image-457\" srcset=\"https:\/\/perjesixmuller-wedding.hu\/wp-content\/uploads\/2022\/08\/Timeline-148-\u00d7-200-mm-2-836x1024.png 836w, https:\/\/perjesixmuller-wedding.hu\/wp-content\/uploads\/2022\/08\/Timeline-148-\u00d7-200-mm-2-245x300.png 245w, https:\/\/perjesixmuller-wedding.hu\/wp-content\/uploads\/2022\/08\/Timeline-148-\u00d7-200-mm-2-768x940.png 768w, https:\/\/perjesixmuller-wedding.hu\/wp-content\/uploads\/2022\/08\/Timeline-148-\u00d7-200-mm-2-49x60.png 49w, https:\/\/perjesixmuller-wedding.hu\/wp-content\/uploads\/2022\/08\/Timeline-148-\u00d7-200-mm-2.png 1248w\" sizes=\"auto, (max-width: 836px) 100vw, 836px\" \/><\/figure>\n\n\n\n<div style=\"height:40px\" aria-hidden=\"true\" class=\"wp-block-spacer\"><\/div>\n\n\n\n<figure class=\"wp-block-image size-full\"><img loading=\"lazy\" decoding=\"async\" width=\"1024\" height=\"683\" src=\"https:\/\/perjesixmuller-wedding.hu\/wp-content\/uploads\/2022\/05\/patideni_engagement-3.jpg\" alt=\"\" class=\"wp-image-407\" srcset=\"https:\/\/perjesixmuller-wedding.hu\/wp-content\/uploads\/2022\/05\/patideni_engagement-3.jpg 1024w, https:\/\/perjesixmuller-wedding.hu\/wp-content\/uploads\/2022\/05\/patideni_engagement-3-300x200.jpg 300w, https:\/\/perjesixmuller-wedding.hu\/wp-content\/uploads\/2022\/05\/patideni_engagement-3-768x512.jpg 768w, https:\/\/perjesixmuller-wedding.hu\/wp-content\/uploads\/2022\/05\/patideni_engagement-3-90x60.jpg 90w, https:\/\/perjesixmuller-wedding.hu\/wp-content\/uploads\/2022\/05\/patideni_engagement-3-420x280.jpg 420w\" sizes=\"auto, (max-width: 1024px) 100vw, 1024px\" \/><\/figure>\n\n\n\n<div style=\"height:30px\" aria-hidden=\"true\" class=\"wp-block-spacer\"><\/div>\n\n\n\n<p class=\"has-text-align-center\" style=\"font-style:normal;font-weight:300\">A&nbsp;megh\u00edv\u00f3n felt\u00fcntetett 15.00 \u00f3ra m\u00e1r a templomi szertart\u00e1s kezdet\u00e9nek id\u0151pontja, ez\u00e9rt arra k\u00e9rn\u00e9nk titeket, hogy az <strong>\u00e9rkez\u00e9seteket <\/strong>14.30-14.45 k\u00f6z\u00f6ttre id\u0151z\u00edts\u00e9tek.<\/p>\n\n\n\n<p class=\"has-text-align-center\" style=\"font-style:normal;font-weight:300\"><em>The 15.00 p.m. indicated on the invitation is the start time of the church ceremony, so we would ask you to time your arrival between 14.30-14.45 p.m.<\/em><\/p>\n","protected":false},"excerpt":{"rendered":"<p>MENETREND ______________________________________________________ A&nbsp;megh\u00edv\u00f3n felt\u00fcntetett 15.00 \u00f3ra m\u00e1r a templomi szertart\u00e1s kezdet\u00e9nek id\u0151pontja, ez\u00e9rt arra k\u00e9rn\u00e9nk titeket, hogy az \u00e9rkez\u00e9seteket 14.30-14.45 k\u00f6z\u00f6ttre id\u0151z\u00edts\u00e9tek. The 15.00 p.m. &hellip; <\/p>\n","protected":false},"author":1,"featured_media":0,"parent":0,"menu_order":0,"comment_status":"closed","ping_status":"closed","template":"","meta":{"footnotes":""},"class_list":["post-12","page","type-page","status-publish","hentry","latest_post"],"_links":{"self":[{"href":"https:\/\/perjesixmuller-wedding.hu\/index.php?rest_route=\/wp\/v2\/pages\/12","targetHints":{"allow":["GET"]}}],"collection":[{"href":"https:\/\/perjesixmuller-wedding.hu\/index.php?rest_route=\/wp\/v2\/pages"}],"about":[{"href":"https:\/\/perjesixmuller-wedding.hu\/index.php?rest_route=\/wp\/v2\/types\/page"}],"author":[{"embeddable":true,"href":"https:\/\/perjesixmuller-wedding.hu\/index.php?rest_route=\/wp\/v2\/users\/1"}],"replies":[{"embeddable":true,"href":"https:\/\/perjesixmuller-wedding.hu\/index.php?rest_route=%2Fwp%2Fv2%2Fcomments&post=12"}],"version-history":[{"count":43,"href":"https:\/\/perjesixmuller-wedding.hu\/index.php?rest_route=\/wp\/v2\/pages\/12\/revisions"}],"predecessor-version":[{"id":461,"href":"https:\/\/perjesixmuller-wedding.hu\/index.php?rest_route=\/wp\/v2\/pages\/12\/revisions\/461"}],"wp:attachment":[{"href":"https:\/\/perjesixmuller-wedding.hu\/index.php?rest_route=%2Fwp%2Fv2%2Fmedia&parent=12"}],"curies":[{"name":"wp","href":"https:\/\/api.w.org\/{rel}","templated":true}]}}